{"id":3391,"date":"2016-11-08T09:32:06","date_gmt":"2016-11-08T09:32:06","guid":{"rendered":"https:\/\/www.cbmdisseny.com\/ca\/productos\/sofas\/"},"modified":"2021-10-15T18:23:25","modified_gmt":"2021-10-15T16:23:25","slug":"sofas","status":"publish","type":"page","link":"https:\/\/www.cbmdisseny.com\/ca\/productes\/sofas\/","title":{"rendered":"Tapisseria i sof\u00e0s"},"content":{"rendered":"<div class=\"wpb-content-wrapper\"><p>[vc_row fullwidth=&#8221;yes&#8221;][vc_column][vc_masonry_media_grid style=&#8221;lazy&#8221; items_per_page=&#8221;20&#8243; element_width=&#8221;3&#8243; gap=&#8221;0&#8243; item=&#8221;masonryMedia_BorderedScale&#8221; grid_id=&#8221;vc_gid:1634313316647-adff2c57-7a91-10&#8243; include=&#8221;7024,7022,7020,7018,7016,7014,7012,7010,7008,7006,7004,7002,7000,6998,6996,6994,6992,6990,6988,6986,6984,6982,6980,6978,6976,6974,6972,6970,6968,6966,6964,6962,6960,6958,6956,6954,6952,6950,6948,6946,6944,6942,6940,6938,6936,6934,6932,6930,6928,6926,6924,6922,6920,6918,6916,6914,6912,6910,6908,6906,6904,6902,6900,6898,6896,6894,6892,6890,6888,6886,6884,6882,6880,6878,6876,6874,6872,6870,6868,6866,6864,6862,6860,6858,6856,6854,6852,6850,6848,6846,6844,6842,6840,6838,6836,6834,6832,6830,6828,5904,5906,5908,5910,5912,5916,5918,5922,5924,5920,5914,3204,3203,3202,3201,3200,3199,3198,3197,3196,3195,3194,3193,3192,3191,3190,3189,3188,3187,3186,3185,3184,3183,3182,7397,7395,7393,7391&#8243;][\/vc_column][\/vc_row][vc_row el_class=&#8221;call-to-action bg-color text-center text-dark padding40&#8243;][vc_column width=&#8221;2\/3&#8243;]\n\t<!-- Element: OT Heading --> \t \n\t<h2 class=\"ot_custom_heading  \" style=\"\" >T'agradaria escoltar les idees d'un interiorista professional?<\/h2>\t\n\n\t<!-- Element: OT Heading --> \t \n\t<h3 class=\"ot_custom_heading  \" style=\"\" >Assessorament personal i dedicaci\u00f3 absoluta. Som experts en dissenyar interiors.<\/h3>\t\n[\/vc_column][vc_column width=&#8221;1\/3&#8243; animate=&#8221;fadeinup&#8221; css=&#8221;.vc_custom_1470989620196{padding-top: 20px !important;}&#8221;]\t\t\t\n\t<!-- Element: OT Button --> \n\t\t\t<a href=\"https:\/\/www.cbmdisseny.com\/asesoramiento\/\" target=\"_self\" class=\"btn btn-line-black btn-big  \">T\u2019assessorem<\/a>\n\t    \n[\/vc_column][\/vc_row][vc_row equal_height=&#8221;yes&#8221; fullwidth=&#8221;yes&#8221; css=&#8221;.vc_custom_1479289260709{margin: 0px !important;border-width: 0px !important;padding: 0px !important;}&#8221;][vc_column width=&#8221;1\/2&#8243; css=&#8221;.vc_custom_1478693362686{margin-top: 0px !important;margin-right: 0px !important;margin-bottom: 0px !important;margin-left: 0px !important;border-top-width: 0px !important;border-right-width: 0px !important;border-bottom-width: 0px !important;border-left-width: 0px !important;padding-top: 40px !important;padding-right: 40px !important;padding-bottom: 40px !important;padding-left: 60px !important;}&#8221;][vc_custom_heading text=&#8221;CBMdisseny. Sof\u00e0s.&#8221;][vc_column_text][\/vc_column_text][\/vc_column][vc_column width=&#8221;1\/2&#8243; css=&#8221;.vc_custom_1584472214347{margin-top: 0px !important;margin-right: 0px !important;margin-bottom: 0px !important;margin-left: 0px !important;border-top-width: 0px !important;border-right-width: 0px !important;border-bottom-width: 0px !important;border-left-width: 0px !important;padding-top: 0px !important;padding-right: 0px !important;padding-bottom: 0px !important;padding-left: 0px !important;background-image: url(https:\/\/www.cbmdisseny.com\/wp-content\/uploads\/2020\/03\/8.jpg?id=5918) !important;background-position: center !important;background-repeat: no-repeat !important;background-size: cover !important;}&#8221;][\/vc_column][\/vc_row][vc_row fullwidth=&#8221;yes&#8221;][vc_column][vc_masonry_media_grid style=&#8221;lazy&#8221; items_per_page=&#8221;20&#8243; element_width=&#8221;3&#8243; gap=&#8221;0&#8243; item=&#8221;masonryMedia_BorderedScale&#8221; grid_id=&#8221;vc_gid:1634313317240-19951bcf-de90-4&#8243;][\/vc_column][\/vc_row]<\/p>\n<\/div>","protected":false},"excerpt":{"rendered":"<p>[vc_row fullwidth=&#8221;yes&#8221;][vc_column][vc_masonry_media_grid style=&#8221;lazy&#8221; items_per_page=&#8221;20&#8243; element_width=&#8221;3&#8243; gap=&#8221;0&#8243; item=&#8221;masonryMedia_BorderedScale&#8221; grid_id=&#8221;vc_gid:1634313316647-adff2c57-7a91-10&#8243; include=&#8221;7024,7022,7020,7018,7016,7014,7012,7010,7008,7006,7004,7002,7000,6998,6996,6994,6992,6990,6988,6986,6984,6982,6980,6978,6976,6974,6972,6970,6968,6966,6964,6962,6960,6958,6956,6954,6952,6950,6948,6946,6944,6942,6940,6938,6936,6934,6932,6930,6928,6926,6924,6922,6920,6918,6916,6914,6912,6910,6908,6906,6904,6902,6900,6898,6896,6894,6892,6890,6888,6886,6884,6882,6880,6878,6876,6874,6872,6870,6868,6866,6864,6862,6860,6858,6856,6854,6852,6850,6848,6846,6844,6842,6840,6838,6836,6834,6832,6830,6828,5904,5906,5908,5910,5912,5916,5918,5922,5924,5920,5914,3204,3203,3202,3201,3200,3199,3198,3197,3196,3195,3194,3193,3192,3191,3190,3189,3188,3187,3186,3185,3184,3183,3182,7397,7395,7393,7391&#8243;][\/vc_column][\/vc_row][vc_row el_class=&#8221;call-to-action bg-color text-center text-dark padding40&#8243;][vc_column width=&#8221;2\/3&#8243;][\/vc_column][vc_column width=&#8221;1\/3&#8243; animate=&#8221;fadeinup&#8221; css=&#8221;.vc_custom_1470989620196{padding-top: 20px !important;}&#8221;][\/vc_column][\/vc_row][vc_row equal_height=&#8221;yes&#8221; fullwidth=&#8221;yes&#8221; css=&#8221;.vc_custom_1479289260709{margin: 0px !important;border-width: 0px !important;padding: 0px !important;}&#8221;][vc_column width=&#8221;1\/2&#8243; css=&#8221;.vc_custom_1478693362686{margin-top: 0px !important;margin-right: 0px !important;margin-bottom: 0px !important;margin-left: 0px !important;border-top-width: 0px !important;border-right-width: 0px !important;border-bottom-width: 0px !important;border-left-width: 0px !important;padding-top: 40px !important;padding-right: 40px !important;padding-bottom: 40px !important;padding-left: 60px !important;}&#8221;][vc_custom_heading [&hellip;]<\/p>\n","protected":false},"author":1,"featured_media":7022,"parent":3349,"menu_order":0,"comment_status":"closed","ping_status":"closed","template":"page-templates\/template-fullwidth.php","meta":{"footnotes":""},"class_list":["post-3391","page","type-page","status-publish","has-post-thumbnail","hentry"],"yoast_head":"<!-- This site is optimized with the Yoast SEO plugin v26.7 - https:\/\/yoast.com\/wordpress\/plugins\/seo\/ -->\n<title>CBMdisseny - Sof\u00e0s de qualitat amb dissenys \u00fanics<\/title>\n<meta name=\"description\" content=\"A CBMdisseny busquem la millor opci\u00f3 per tu i el tu confort, sof\u00e0s artesans i de qualitat, locals, c\u00f2modes i amb disseny.\" \/>\n<meta name=\"robots\" content=\"index, follow, max-snippet:-1, max-image-preview:large, max-video-preview:-1\" \/>\n<link rel=\"canonical\" href=\"https:\/\/www.cbmdisseny.com\/ca\/productes\/sofas\/\" \/>\n<meta property=\"og:locale\" content=\"ca_ES\" \/>\n<meta property=\"og:type\" content=\"article\" \/>\n<meta property=\"og:title\" content=\"CBMdisseny - Sof\u00e0s de qualitat amb dissenys \u00fanics\" \/>\n<meta property=\"og:description\" content=\"A CBMdisseny busquem la millor opci\u00f3 per tu i el tu confort, sof\u00e0s artesans i de qualitat, locals, c\u00f2modes i amb disseny.\" \/>\n<meta property=\"og:url\" content=\"https:\/\/www.cbmdisseny.com\/ca\/productes\/sofas\/\" \/>\n<meta property=\"og:site_name\" content=\"CBMdisseny\" \/>\n<meta property=\"article:publisher\" content=\"https:\/\/www.facebook.com\/CBMdisseny-855595804576481\/\" \/>\n<meta property=\"article:modified_time\" content=\"2021-10-15T16:23:25+00:00\" \/>\n<meta property=\"og:image\" content=\"https:\/\/www.cbmdisseny.com\/wp-content\/uploads\/2020\/12\/Kongo-2.jpg\" \/>\n\t<meta property=\"og:image:width\" content=\"600\" \/>\n\t<meta property=\"og:image:height\" content=\"420\" \/>\n\t<meta property=\"og:image:type\" content=\"image\/jpeg\" \/>\n<meta name=\"twitter:card\" content=\"summary_large_image\" \/>\n<meta name=\"twitter:label1\" content=\"Temps estimat de lectura\" \/>\n\t<meta name=\"twitter:data1\" content=\"1 minut\" \/>\n<script type=\"application\/ld+json\" class=\"yoast-schema-graph\">{\"@context\":\"https:\/\/schema.org\",\"@graph\":[{\"@type\":\"WebPage\",\"@id\":\"https:\/\/www.cbmdisseny.com\/ca\/productes\/sofas\/\",\"url\":\"https:\/\/www.cbmdisseny.com\/ca\/productes\/sofas\/\",\"name\":\"CBMdisseny - Sof\u00e0s de qualitat amb dissenys \u00fanics\",\"isPartOf\":{\"@id\":\"https:\/\/www.cbmdisseny.com\/ca\/#website\"},\"primaryImageOfPage\":{\"@id\":\"https:\/\/www.cbmdisseny.com\/ca\/productes\/sofas\/#primaryimage\"},\"image\":{\"@id\":\"https:\/\/www.cbmdisseny.com\/ca\/productes\/sofas\/#primaryimage\"},\"thumbnailUrl\":\"https:\/\/www.cbmdisseny.com\/wp-content\/uploads\/2020\/12\/Kongo-2.jpg\",\"datePublished\":\"2016-11-08T09:32:06+00:00\",\"dateModified\":\"2021-10-15T16:23:25+00:00\",\"description\":\"A CBMdisseny busquem la millor opci\u00f3 per tu i el tu confort, sof\u00e0s artesans i de qualitat, locals, c\u00f2modes i amb disseny.\",\"breadcrumb\":{\"@id\":\"https:\/\/www.cbmdisseny.com\/ca\/productes\/sofas\/#breadcrumb\"},\"inLanguage\":\"ca\",\"potentialAction\":[{\"@type\":\"ReadAction\",\"target\":[\"https:\/\/www.cbmdisseny.com\/ca\/productes\/sofas\/\"]}]},{\"@type\":\"ImageObject\",\"inLanguage\":\"ca\",\"@id\":\"https:\/\/www.cbmdisseny.com\/ca\/productes\/sofas\/#primaryimage\",\"url\":\"https:\/\/www.cbmdisseny.com\/wp-content\/uploads\/2020\/12\/Kongo-2.jpg\",\"contentUrl\":\"https:\/\/www.cbmdisseny.com\/wp-content\/uploads\/2020\/12\/Kongo-2.jpg\",\"width\":600,\"height\":420},{\"@type\":\"BreadcrumbList\",\"@id\":\"https:\/\/www.cbmdisseny.com\/ca\/productes\/sofas\/#breadcrumb\",\"itemListElement\":[{\"@type\":\"ListItem\",\"position\":1,\"name\":\"Portada\",\"item\":\"https:\/\/www.cbmdisseny.com\/ca\/\"},{\"@type\":\"ListItem\",\"position\":2,\"name\":\"Productes\",\"item\":\"https:\/\/www.cbmdisseny.com\/ca\/productes\/\"},{\"@type\":\"ListItem\",\"position\":3,\"name\":\"Tapisseria i sof\u00e0s\"}]},{\"@type\":\"WebSite\",\"@id\":\"https:\/\/www.cbmdisseny.com\/ca\/#website\",\"url\":\"https:\/\/www.cbmdisseny.com\/ca\/\",\"name\":\"CBMdisseny\",\"description\":\"Interiorismo para tu hogar y reformas integrales.\",\"potentialAction\":[{\"@type\":\"SearchAction\",\"target\":{\"@type\":\"EntryPoint\",\"urlTemplate\":\"https:\/\/www.cbmdisseny.com\/ca\/?s={search_term_string}\"},\"query-input\":{\"@type\":\"PropertyValueSpecification\",\"valueRequired\":true,\"valueName\":\"search_term_string\"}}],\"inLanguage\":\"ca\"}]}<\/script>\n<!-- \/ Yoast SEO plugin. -->","yoast_head_json":{"title":"CBMdisseny - Sof\u00e0s de qualitat amb dissenys \u00fanics","description":"A CBMdisseny busquem la millor opci\u00f3 per tu i el tu confort, sof\u00e0s artesans i de qualitat, locals, c\u00f2modes i amb disseny.","robots":{"index":"index","follow":"follow","max-snippet":"max-snippet:-1","max-image-preview":"max-image-preview:large","max-video-preview":"max-video-preview:-1"},"canonical":"https:\/\/www.cbmdisseny.com\/ca\/productes\/sofas\/","og_locale":"ca_ES","og_type":"article","og_title":"CBMdisseny - Sof\u00e0s de qualitat amb dissenys \u00fanics","og_description":"A CBMdisseny busquem la millor opci\u00f3 per tu i el tu confort, sof\u00e0s artesans i de qualitat, locals, c\u00f2modes i amb disseny.","og_url":"https:\/\/www.cbmdisseny.com\/ca\/productes\/sofas\/","og_site_name":"CBMdisseny","article_publisher":"https:\/\/www.facebook.com\/CBMdisseny-855595804576481\/","article_modified_time":"2021-10-15T16:23:25+00:00","og_image":[{"width":600,"height":420,"url":"https:\/\/www.cbmdisseny.com\/wp-content\/uploads\/2020\/12\/Kongo-2.jpg","type":"image\/jpeg"}],"twitter_card":"summary_large_image","twitter_misc":{"Temps estimat de lectura":"1 minut"},"schema":{"@context":"https:\/\/schema.org","@graph":[{"@type":"WebPage","@id":"https:\/\/www.cbmdisseny.com\/ca\/productes\/sofas\/","url":"https:\/\/www.cbmdisseny.com\/ca\/productes\/sofas\/","name":"CBMdisseny - Sof\u00e0s de qualitat amb dissenys \u00fanics","isPartOf":{"@id":"https:\/\/www.cbmdisseny.com\/ca\/#website"},"primaryImageOfPage":{"@id":"https:\/\/www.cbmdisseny.com\/ca\/productes\/sofas\/#primaryimage"},"image":{"@id":"https:\/\/www.cbmdisseny.com\/ca\/productes\/sofas\/#primaryimage"},"thumbnailUrl":"https:\/\/www.cbmdisseny.com\/wp-content\/uploads\/2020\/12\/Kongo-2.jpg","datePublished":"2016-11-08T09:32:06+00:00","dateModified":"2021-10-15T16:23:25+00:00","description":"A CBMdisseny busquem la millor opci\u00f3 per tu i el tu confort, sof\u00e0s artesans i de qualitat, locals, c\u00f2modes i amb disseny.","breadcrumb":{"@id":"https:\/\/www.cbmdisseny.com\/ca\/productes\/sofas\/#breadcrumb"},"inLanguage":"ca","potentialAction":[{"@type":"ReadAction","target":["https:\/\/www.cbmdisseny.com\/ca\/productes\/sofas\/"]}]},{"@type":"ImageObject","inLanguage":"ca","@id":"https:\/\/www.cbmdisseny.com\/ca\/productes\/sofas\/#primaryimage","url":"https:\/\/www.cbmdisseny.com\/wp-content\/uploads\/2020\/12\/Kongo-2.jpg","contentUrl":"https:\/\/www.cbmdisseny.com\/wp-content\/uploads\/2020\/12\/Kongo-2.jpg","width":600,"height":420},{"@type":"BreadcrumbList","@id":"https:\/\/www.cbmdisseny.com\/ca\/productes\/sofas\/#breadcrumb","itemListElement":[{"@type":"ListItem","position":1,"name":"Portada","item":"https:\/\/www.cbmdisseny.com\/ca\/"},{"@type":"ListItem","position":2,"name":"Productes","item":"https:\/\/www.cbmdisseny.com\/ca\/productes\/"},{"@type":"ListItem","position":3,"name":"Tapisseria i sof\u00e0s"}]},{"@type":"WebSite","@id":"https:\/\/www.cbmdisseny.com\/ca\/#website","url":"https:\/\/www.cbmdisseny.com\/ca\/","name":"CBMdisseny","description":"Interiorismo para tu hogar y reformas integrales.","potentialAction":[{"@type":"SearchAction","target":{"@type":"EntryPoint","urlTemplate":"https:\/\/www.cbmdisseny.com\/ca\/?s={search_term_string}"},"query-input":{"@type":"PropertyValueSpecification","valueRequired":true,"valueName":"search_term_string"}}],"inLanguage":"ca"}]}},"_links":{"self":[{"href":"https:\/\/www.cbmdisseny.com\/ca\/wp-json\/wp\/v2\/pages\/3391","targetHints":{"allow":["GET"]}}],"collection":[{"href":"https:\/\/www.cbmdisseny.com\/ca\/wp-json\/wp\/v2\/pages"}],"about":[{"href":"https:\/\/www.cbmdisseny.com\/ca\/wp-json\/wp\/v2\/types\/page"}],"author":[{"embeddable":true,"href":"https:\/\/www.cbmdisseny.com\/ca\/wp-json\/wp\/v2\/users\/1"}],"replies":[{"embeddable":true,"href":"https:\/\/www.cbmdisseny.com\/ca\/wp-json\/wp\/v2\/comments?post=3391"}],"version-history":[{"count":0,"href":"https:\/\/www.cbmdisseny.com\/ca\/wp-json\/wp\/v2\/pages\/3391\/revisions"}],"up":[{"embeddable":true,"href":"https:\/\/www.cbmdisseny.com\/ca\/wp-json\/wp\/v2\/pages\/3349"}],"wp:featuredmedia":[{"embeddable":true,"href":"https:\/\/www.cbmdisseny.com\/ca\/wp-json\/wp\/v2\/media\/7022"}],"wp:attachment":[{"href":"https:\/\/www.cbmdisseny.com\/ca\/wp-json\/wp\/v2\/media?parent=3391"}],"curies":[{"name":"wp","href":"https:\/\/api.w.org\/{rel}","templated":true}]}}